{"id":9,"date":"2025-02-03T19:10:55","date_gmt":"2025-02-03T19:10:55","guid":{"rendered":"https:\/\/bransje.lillehammer.com\/intonorway\/?page_id=9"},"modified":"2026-02-10T11:33:32","modified_gmt":"2026-02-10T11:33:32","slug":"forside","status":"publish","type":"page","link":"https:\/\/intonorway.com\/no\/","title":{"rendered":"Forside"},"content":{"rendered":"<p>[et_pb_section fb_built=&raquo;1&#8243; _builder_version=&raquo;4.16&#8243; _module_preset=&raquo;default&raquo; background_enable_color=&raquo;off&raquo; custom_margin=&raquo;-32px||0px||false|false&raquo; custom_padding=&raquo;0px||0px||false|false&raquo; global_colors_info=&raquo;{}&raquo;][et_pb_row _builder_version=&raquo;4.16&#8243; _module_preset=&raquo;_initial&raquo; width=&raquo;100%&raquo; width_tablet=&raquo;&raquo; width_phone=&raquo;&raquo; width_last_edited=&raquo;on|phone&raquo; module_alignment=&raquo;center&raquo; custom_margin=&raquo;30px||0px||false|false&raquo; custom_padding=&raquo;50px||0px||false|false&raquo; global_colors_info=&raquo;{}&raquo;][et_pb_column type=&raquo;4_4&#8243; _builder_version=&raquo;4.16&#8243; _module_preset=&raquo;default&raquo; global_colors_info=&raquo;{}&raquo;][et_pb_text ul_item_indent=&raquo;30px&raquo; _builder_version=&raquo;4.27.4&#8243; _module_preset=&raquo;_initial&raquo; text_font=&raquo;||||||||&raquo; text_text_color=&raquo;#453427&#8243; text_line_height=&raquo;1.6em&raquo; header_font=&raquo;||||||||&raquo; header_text_align=&raquo;center&raquo; header_text_color=&raquo;#453427&#8243; header_font_size=&raquo;65px&raquo; header_line_height=&raquo;1.3em&raquo; header_2_font=&raquo;|600|||||||&raquo; header_2_text_align=&raquo;left&raquo; header_2_text_color=&raquo;#453427&#8243; header_2_font_size=&raquo;31px&raquo; header_2_letter_spacing=&raquo;1px&raquo; header_2_line_height=&raquo;1.5em&raquo; header_3_font=&raquo;|600|||||||&raquo; header_3_text_color=&raquo;#453427&#8243; header_3_line_height=&raquo;1.8em&raquo; background_layout=&raquo;dark&raquo; width=&raquo;100%&raquo; max_width=&raquo;1600px&raquo; module_alignment=&raquo;center&raquo; custom_margin=&raquo;||10px||false|false&raquo; custom_padding=&raquo;0px||0px||true|false&raquo; animation_style=&raquo;fade&raquo; animation_direction=&raquo;top&raquo; header_font_size_tablet=&raquo;40px&raquo; header_font_size_phone=&raquo;40px&raquo; header_font_size_last_edited=&raquo;on|phone&raquo; header_2_font_size_tablet=&raquo;24px&raquo; header_2_font_size_phone=&raquo;24px&raquo; header_2_font_size_last_edited=&raquo;on|phone&raquo; global_colors_info=&raquo;{}&raquo;]<\/p>\n<h1 style=\"text-align: left\"><strong>Gode opplevelser i hjertet av Norge!<\/strong><\/h1>\n<div id=\"Content\">\n<div class=\"boxed\">\n<div id=\"lipsum\"><\/div>\n<\/div>\n<\/div>\n<p>[\/et_pb_text][et_pb_divider color=&raquo;#68227E&raquo; divider_weight=&raquo;5px&raquo; _builder_version=&raquo;4.27.4&#8243; _module_preset=&raquo;_initial&raquo; max_width=&raquo;30%&raquo; module_alignment=&raquo;left&raquo; global_colors_info=&raquo;{}&raquo;][\/et_pb_divider][et_pb_text ul_item_indent=&raquo;30px&raquo; _builder_version=&raquo;4.27.4&#8243; _module_preset=&raquo;_initial&raquo; text_font=&raquo;||||||||&raquo; text_text_color=&raquo;#453427&#8243; text_line_height=&raquo;1.6em&raquo; header_font=&raquo;||||||||&raquo; header_text_align=&raquo;left&raquo; header_text_color=&raquo;#453427&#8243; header_font_size=&raquo;65px&raquo; header_line_height=&raquo;2em&raquo; header_2_font=&raquo;|600|||||||&raquo; header_2_text_align=&raquo;left&raquo; header_2_text_color=&raquo;#453427&#8243; header_2_font_size=&raquo;31px&raquo; header_2_letter_spacing=&raquo;1px&raquo; header_2_line_height=&raquo;1.5em&raquo; header_3_font=&raquo;|600|||||||&raquo; header_3_text_color=&raquo;#453427&#8243; header_3_line_height=&raquo;1.8em&raquo; background_layout=&raquo;dark&raquo; max_width=&raquo;1600px&raquo; module_alignment=&raquo;center&raquo; custom_margin=&raquo;0px|0px|0px|0px|false|false&raquo; custom_padding=&raquo;0px|0px|0px|0px|true|false&raquo; animation_style=&raquo;fade&raquo; animation_direction=&raquo;top&raquo; header_font_size_tablet=&raquo;50px&raquo; header_font_size_phone=&raquo;40px&raquo; header_font_size_last_edited=&raquo;on|phone&raquo; header_2_font_size_tablet=&raquo;24px&raquo; header_2_font_size_phone=&raquo;24px&raquo; header_2_font_size_last_edited=&raquo;on|phone&raquo; global_colors_info=&raquo;{}&raquo;]<\/p>\n<p style=\"text-align: left\">Lengter du etter p\u00e5fyll \u2013 i form av vakker natur, rik kultur, levende historie og gode smaker?<\/p>\n<p style=\"text-align: left\">Hos oss, i hjertet av Norge, venter opplevelser som er ekte, varierte og lett tilgjengelige.<\/p>\n<p><strong>Velkommen til Hamar, Lillehammer og Gudbrandsdalen \u2013 la eventyret begynne.<\/strong><\/p>\n<p>[\/et_pb_text][\/et_pb_column][\/et_pb_row][et_pb_row column_structure=&raquo;1_3,1_3,1_3&#8243; _builder_version=&raquo;4.27.4&#8243; _module_preset=&raquo;_initial&raquo; width=&raquo;100%&raquo; width_tablet=&raquo;80%&raquo; width_phone=&raquo;80%&raquo; width_last_edited=&raquo;on|tablet&raquo; module_alignment=&raquo;center&raquo; custom_margin=&raquo;50px||50px||false|false&raquo; custom_padding=&raquo;0px||0px||false|false&raquo; global_module=&raquo;2517&#8243; saved_tabs=&raquo;all&raquo; global_colors_info=&raquo;{}&raquo;][et_pb_column type=&raquo;1_3&#8243; _builder_version=&raquo;4.27.4&#8243; _module_preset=&raquo;default&raquo; background_color=&raquo;RGBA(255,255,255,0)&raquo; global_colors_info=&raquo;{}&raquo; background__hover_enabled=&raquo;on|hover&raquo; background_color__hover=&raquo;#B1B1B1&#8243; background_enable_color__hover=&raquo;on&raquo;][et_pb_image src=&raquo;https:\/\/intonorway.no\/wp-content\/uploads\/sites\/6\/2025\/06\/webdomkirkeodden-scaled-e1750318492951.jpg&raquo; alt=&raquo;Domkirkeodden Foto: Visit Mj\u00f8sa&raquo; title_text=&raquo;webdomkirkeodden&raquo; _builder_version=&raquo;4.27.4&#8243; _module_preset=&raquo;default&raquo; global_colors_info=&raquo;{}&raquo;][\/et_pb_image][et_pb_text _builder_version=&raquo;4.27.4&#8243; _module_preset=&raquo;default&raquo; header_text_color=&raquo;#ffffff&raquo; background_color=&raquo;RGBA(255,255,255,0)&raquo; global_colors_info=&raquo;{}&raquo;]<\/p>\n<p style=\"text-align: center\">Hamarregionen byr p\u00e5 et unikt m\u00f8te mellom matopplevelser, mykt landskap og historiske skatter. Tett p\u00e5 og lett tilgjengelig.<\/p>\n<p>[\/et_pb_text][et_pb_button button_url=&raquo;https:\/\/www.visitmjosa.no&raquo; button_text=&raquo;www.visitmjosa.no&raquo; button_alignment=&raquo;center&raquo; _builder_version=&raquo;4.27.4&#8243; _module_preset=&raquo;default&raquo; custom_margin=&raquo;||10px||false|false&raquo; custom_padding=&raquo;||10px||false|false&raquo; global_colors_info=&raquo;{}&raquo;][\/et_pb_button][\/et_pb_column][et_pb_column type=&raquo;1_3&#8243; _builder_version=&raquo;4.27.4&#8243; _module_preset=&raquo;default&raquo; background_color=&raquo;RGBA(255,255,255,0)&raquo; global_colors_info=&raquo;{}&raquo; background__hover_enabled=&raquo;on|hover&raquo; background_color__hover=&raquo;#B1B1B1&#8243; background_enable_color__hover=&raquo;on&raquo;][et_pb_image src=&raquo;https:\/\/intonorway.no\/wp-content\/uploads\/sites\/6\/2025\/03\/pd5c8cjzz4-scaled-e1743422617607.jpg&raquo; alt=&raquo;Balbergkampen \/ Foto: Anni Martikainen&raquo; title_text=&raquo;Balbergkampen&raquo; _builder_version=&raquo;4.27.4&#8243; _module_preset=&raquo;default&raquo; global_colors_info=&raquo;{}&raquo;][\/et_pb_image][et_pb_text _builder_version=&raquo;4.27.4&#8243; _module_preset=&raquo;default&raquo; global_colors_info=&raquo;{}&raquo;]<\/p>\n<p style=\"text-align: center\">I Lillehammer og Gudbrandsdalen er det kort vei mellom byliv, friluft og historie \u2013 perfekt for b\u00e5de familier og kulturintresserte.<\/p>\n<p>[\/et_pb_text][et_pb_button button_url=&raquo;https:\/\/www.lillehammer.com&raquo; button_text=&raquo;www.lillehammer.com&raquo; button_alignment=&raquo;center&raquo; _builder_version=&raquo;4.27.4&#8243; _module_preset=&raquo;default&raquo; custom_margin=&raquo;||10px||false|false&raquo; custom_padding=&raquo;||10px||false|false&raquo; global_colors_info=&raquo;{}&raquo;][\/et_pb_button][\/et_pb_column][et_pb_column type=&raquo;1_3&#8243; _builder_version=&raquo;4.27.4&#8243; _module_preset=&raquo;default&raquo; background_color=&raquo;RGBA(255,255,255,0)&raquo; global_colors_info=&raquo;{}&raquo; background__hover_enabled=&raquo;on|hover&raquo; background_color__hover=&raquo;#B1B1B1&#8243; background_enable_color__hover=&raquo;on&raquo;][et_pb_image src=&raquo;https:\/\/intonorway.no\/wp-content\/uploads\/sites\/6\/2025\/06\/viewpoint-SNOHETTA-\u00a9diephotodesigner.web-2-e1750318526842.jpg&raquo; alt=&raquo;viewpoint SN\u00d8HETTA Foto: Nasjonalparkriket&raquo; title_text=&raquo;viewpoint SN\u00d8HETTA \u00a9diephotodesigner.web (2)&raquo; _builder_version=&raquo;4.27.4&#8243; _module_preset=&raquo;default&raquo; global_colors_info=&raquo;{}&raquo;][\/et_pb_image][et_pb_text _builder_version=&raquo;4.27.4&#8243; _module_preset=&raquo;default&raquo; global_colors_info=&raquo;{}&raquo;]<\/p>\n<p style=\"text-align: center\">Nasjonalparkriket byr p\u00e5 spektakul\u00e6r natur, matopplevelser i verdensklasse og aktiviteter for alle.<\/p>\n<p>[\/et_pb_text][et_pb_button button_url=&raquo;https:\/\/www.nasjonalparkriket.no&raquo; button_text=&raquo;www.nasjonalparkriket.no&raquo; button_alignment=&raquo;center&raquo; _builder_version=&raquo;4.27.4&#8243; _module_preset=&raquo;default&raquo; custom_margin=&raquo;||10px||false|false&raquo; custom_padding=&raquo;||10px||false|false&raquo; global_colors_info=&raquo;{}&raquo;][\/et_pb_button][\/et_pb_column][\/et_pb_row][et_pb_row _builder_version=&raquo;4.16&#8243; _module_preset=&raquo;_initial&raquo; width=&raquo;100%&raquo; width_tablet=&raquo;80%&raquo; width_phone=&raquo;80%&raquo; width_last_edited=&raquo;on|tablet&raquo; custom_margin=&raquo;0px||0px||false|false&raquo; custom_padding=&raquo;||0px||false|false&raquo; global_colors_info=&raquo;{}&raquo;][et_pb_column type=&raquo;4_4&#8243; _builder_version=&raquo;4.16&#8243; _module_preset=&raquo;default&raquo; global_colors_info=&raquo;{}&raquo;][et_pb_divider color=&raquo;#453427&#8243; divider_weight=&raquo;1px&raquo; _builder_version=&raquo;4.16&#8243; _module_preset=&raquo;_initial&raquo; module_alignment=&raquo;center&raquo; global_colors_info=&raquo;{}&raquo;][\/et_pb_divider][\/et_pb_column][\/et_pb_row][\/et_pb_section][et_pb_section fb_built=&raquo;1&#8243; _builder_version=&raquo;4.16&#8243; _module_preset=&raquo;default&raquo; background_color=&raquo;#e8e5da&raquo; background_enable_color=&raquo;off&raquo; custom_margin=&raquo;0px||||false|false&raquo; custom_padding=&raquo;0px||||false|false&raquo; global_colors_info=&raquo;{}&raquo;][et_pb_row _builder_version=&raquo;4.16&#8243; _module_preset=&raquo;_initial&raquo; width=&raquo;100%&raquo; width_tablet=&raquo;80%&raquo; width_phone=&raquo;80%&raquo; width_last_edited=&raquo;on|tablet&raquo; global_colors_info=&raquo;{}&raquo;][et_pb_column type=&raquo;4_4&#8243; _builder_version=&raquo;4.16&#8243; _module_preset=&raquo;default&raquo; global_colors_info=&raquo;{}&raquo;][et_pb_text ul_item_indent=&raquo;30px&raquo; _builder_version=&raquo;4.16&#8243; _module_preset=&raquo;_initial&raquo; text_font=&raquo;||||||||&raquo; text_text_color=&raquo;#453427&#8243; text_line_height=&raquo;1.6em&raquo; header_font=&raquo;||||||||&raquo; header_text_color=&raquo;#453427&#8243; header_font_size=&raquo;65px&raquo; header_line_height=&raquo;2em&raquo; header_2_font=&raquo;|600|||||||&raquo; header_2_text_align=&raquo;left&raquo; header_2_text_color=&raquo;#453427&#8243; header_2_font_size=&raquo;35px&raquo; header_2_letter_spacing=&raquo;1px&raquo; header_2_line_height=&raquo;1.5em&raquo; header_3_font=&raquo;|600|||||||&raquo; header_3_text_color=&raquo;#453427&#8243; header_3_line_height=&raquo;1.8em&raquo; background_layout=&raquo;dark&raquo; max_width=&raquo;1600px&raquo; module_alignment=&raquo;center&raquo; custom_margin=&raquo;0px|0px|0px|0px|false|false&raquo; custom_padding=&raquo;20px||50px||false|false&raquo; animation_style=&raquo;fade&raquo; animation_direction=&raquo;top&raquo; header_font_size_tablet=&raquo;50px&raquo; header_font_size_phone=&raquo;40px&raquo; header_font_size_last_edited=&raquo;on|phone&raquo; header_2_font_size_tablet=&raquo;24px&raquo; header_2_font_size_phone=&raquo;24px&raquo; header_2_font_size_last_edited=&raquo;on|phone&raquo; global_colors_info=&raquo;{}&raquo;]<\/p>\n<h2>Reiseinspirasjon<\/h2>\n<p>[\/et_pb_text][et_pb_blog fullwidth=&raquo;off&raquo; posts_number=&raquo;6&#8243; include_categories=&raquo;4,15&#8243; show_more=&raquo;on&raquo; show_author=&raquo;off&raquo; show_date=&raquo;off&raquo; show_categories=&raquo;off&raquo; show_pagination=&raquo;off&raquo; use_overlay=&raquo;on&raquo; overlay_icon_color=&raquo;#abdef4&#8243; hover_icon=&raquo;&#x55;||divi||400&#8243; masonry_tile_background_color=&raquo;#ffffff&raquo; _builder_version=&raquo;4.27.5&#8243; _module_preset=&raquo;_initial&raquo; header_font=&raquo;||||||||&raquo; header_text_color=&raquo;#453427&#8243; header_font_size=&raquo;23px&raquo; meta_text_color=&raquo;#0094d8&#8243; meta_font_size=&raquo;18px&raquo; meta_line_height=&raquo;1.8em&raquo; read_more_font=&raquo;||||on|||#0094d8|&raquo; read_more_text_color=&raquo;#0094d8&#8243; read_more_line_height=&raquo;3em&raquo; background_color=&raquo;rgba(0,0,0,0)&raquo; hover_enabled=&raquo;0&#8243; border_width_all=&raquo;0px&raquo; border_color_all=&raquo;#abdef4&#8243; box_shadow_style=&raquo;preset3&#8243; global_colors_info=&raquo;{}&raquo; sticky_enabled=&raquo;0&#8243;][\/et_pb_blog][et_pb_button button_url=&raquo;\/arkiv&raquo; button_text=&raquo;Se arkiv&raquo; button_alignment=&raquo;center&raquo; _builder_version=&raquo;4.27.4&#8243; _module_preset=&raquo;_initial&raquo; custom_button=&raquo;on&raquo; button_text_color=&raquo;#453427&#8243; button_bg_color=&raquo;rgba(0,0,0,0)&raquo; custom_margin=&raquo;0px||||false|false&raquo; global_colors_info=&raquo;{}&raquo;][\/et_pb_button][\/et_pb_column][\/et_pb_row][\/et_pb_section]<\/p>\n","protected":false},"excerpt":{"rendered":"<p>Gode opplevelser i hjertet av Norge! Lengter du etter p\u00e5fyll \u2013 i form av vakker natur, rik kultur, levende historie og gode smaker? Hos oss, i hjertet av Norge, venter opplevelser som er ekte, varierte og lett tilgjengelige. Velkommen til Hamar, Lillehammer og Gudbrandsdalen \u2013 la eventyret begynne.Hamarregionen byr p\u00e5 et unikt m\u00f8te mellom matopplevelser, [&hellip;]<\/p>\n","protected":false},"author":1,"featured_media":0,"parent":0,"menu_order":0,"comment_status":"closed","ping_status":"closed","template":"","meta":{"_et_pb_use_builder":"on","_et_pb_old_content":"","_et_gb_content_width":"","inline_featured_image":false,"footnotes":""},"class_list":["post-9","page","type-page","status-publish","hentry"],"yoast_head":"<!-- This site is optimized with the Yoast SEO plugin v27.4 - https:\/\/yoast.com\/product\/yoast-seo-wordpress\/ -->\n<title>Forside - Into Norway - home of culture<\/title>\n<meta name=\"robots\" content=\"index, follow, max-snippet:-1, max-image-preview:large, max-video-preview:-1\" \/>\n<link rel=\"canonical\" href=\"https:\/\/intonorway.com\/no\/\" \/>\n<meta property=\"og:locale\" content=\"nb_NO\" \/>\n<meta property=\"og:type\" content=\"article\" \/>\n<meta property=\"og:title\" content=\"Forside - Into Norway - home of culture\" \/>\n<meta property=\"og:description\" content=\"Gode opplevelser i hjertet av Norge! Lengter du etter p\u00e5fyll \u2013 i form av vakker natur, rik kultur, levende historie og gode smaker? Hos oss, i hjertet av Norge, venter opplevelser som er ekte, varierte og lett tilgjengelige. Velkommen til Hamar, Lillehammer og Gudbrandsdalen \u2013 la eventyret begynne.Hamarregionen byr p\u00e5 et unikt m\u00f8te mellom matopplevelser, [&hellip;]\" \/>\n<meta property=\"og:url\" content=\"https:\/\/intonorway.com\/no\/\" \/>\n<meta property=\"og:site_name\" content=\"Into Norway - home of culture\" \/>\n<meta property=\"article:modified_time\" content=\"2026-02-10T11:33:32+00:00\" \/>\n<meta name=\"twitter:card\" content=\"summary_large_image\" \/>\n<script type=\"application\/ld+json\" class=\"yoast-schema-graph\">{\"@context\":\"https:\\\/\\\/schema.org\",\"@graph\":[{\"@type\":\"WebPage\",\"@id\":\"https:\\\/\\\/intonorway.com\\\/no\\\/\",\"url\":\"https:\\\/\\\/intonorway.com\\\/no\\\/\",\"name\":\"Forside - Into Norway - home of culture\",\"isPartOf\":{\"@id\":\"https:\\\/\\\/intonorway.com\\\/no\\\/#website\"},\"datePublished\":\"2025-02-03T19:10:55+00:00\",\"dateModified\":\"2026-02-10T11:33:32+00:00\",\"breadcrumb\":{\"@id\":\"https:\\\/\\\/intonorway.com\\\/no\\\/#breadcrumb\"},\"inLanguage\":\"nb-NO\",\"potentialAction\":[{\"@type\":\"ReadAction\",\"target\":[\"https:\\\/\\\/intonorway.com\\\/no\\\/\"]}]},{\"@type\":\"BreadcrumbList\",\"@id\":\"https:\\\/\\\/intonorway.com\\\/no\\\/#breadcrumb\",\"itemListElement\":[{\"@type\":\"ListItem\",\"position\":1,\"name\":\"Home\",\"item\":\"https:\\\/\\\/intonorway.com\\\/no\\\/\"},{\"@type\":\"ListItem\",\"position\":2,\"name\":\"Forside\"}]},{\"@type\":\"WebSite\",\"@id\":\"https:\\\/\\\/intonorway.com\\\/no\\\/#website\",\"url\":\"https:\\\/\\\/intonorway.com\\\/no\\\/\",\"name\":\"Into Norway - home of culture\",\"description\":\"\",\"potentialAction\":[{\"@type\":\"SearchAction\",\"target\":{\"@type\":\"EntryPoint\",\"urlTemplate\":\"https:\\\/\\\/intonorway.com\\\/no\\\/?s={search_term_string}\"},\"query-input\":{\"@type\":\"PropertyValueSpecification\",\"valueRequired\":true,\"valueName\":\"search_term_string\"}}],\"inLanguage\":\"nb-NO\"}]}<\/script>\n<!-- \/ Yoast SEO plugin. -->","yoast_head_json":{"title":"Forside - Into Norway - home of culture","robots":{"index":"index","follow":"follow","max-snippet":"max-snippet:-1","max-image-preview":"max-image-preview:large","max-video-preview":"max-video-preview:-1"},"canonical":"https:\/\/intonorway.com\/no\/","og_locale":"nb_NO","og_type":"article","og_title":"Forside - Into Norway - home of culture","og_description":"Gode opplevelser i hjertet av Norge! Lengter du etter p\u00e5fyll \u2013 i form av vakker natur, rik kultur, levende historie og gode smaker? Hos oss, i hjertet av Norge, venter opplevelser som er ekte, varierte og lett tilgjengelige. Velkommen til Hamar, Lillehammer og Gudbrandsdalen \u2013 la eventyret begynne.Hamarregionen byr p\u00e5 et unikt m\u00f8te mellom matopplevelser, [&hellip;]","og_url":"https:\/\/intonorway.com\/no\/","og_site_name":"Into Norway - home of culture","article_modified_time":"2026-02-10T11:33:32+00:00","twitter_card":"summary_large_image","schema":{"@context":"https:\/\/schema.org","@graph":[{"@type":"WebPage","@id":"https:\/\/intonorway.com\/no\/","url":"https:\/\/intonorway.com\/no\/","name":"Forside - Into Norway - home of culture","isPartOf":{"@id":"https:\/\/intonorway.com\/no\/#website"},"datePublished":"2025-02-03T19:10:55+00:00","dateModified":"2026-02-10T11:33:32+00:00","breadcrumb":{"@id":"https:\/\/intonorway.com\/no\/#breadcrumb"},"inLanguage":"nb-NO","potentialAction":[{"@type":"ReadAction","target":["https:\/\/intonorway.com\/no\/"]}]},{"@type":"BreadcrumbList","@id":"https:\/\/intonorway.com\/no\/#breadcrumb","itemListElement":[{"@type":"ListItem","position":1,"name":"Home","item":"https:\/\/intonorway.com\/no\/"},{"@type":"ListItem","position":2,"name":"Forside"}]},{"@type":"WebSite","@id":"https:\/\/intonorway.com\/no\/#website","url":"https:\/\/intonorway.com\/no\/","name":"Into Norway - home of culture","description":"","potentialAction":[{"@type":"SearchAction","target":{"@type":"EntryPoint","urlTemplate":"https:\/\/intonorway.com\/no\/?s={search_term_string}"},"query-input":{"@type":"PropertyValueSpecification","valueRequired":true,"valueName":"search_term_string"}}],"inLanguage":"nb-NO"}]}},"_links":{"self":[{"href":"https:\/\/intonorway.com\/no\/wp-json\/wp\/v2\/pages\/9","targetHints":{"allow":["GET"]}}],"collection":[{"href":"https:\/\/intonorway.com\/no\/wp-json\/wp\/v2\/pages"}],"about":[{"href":"https:\/\/intonorway.com\/no\/wp-json\/wp\/v2\/types\/page"}],"author":[{"embeddable":true,"href":"https:\/\/intonorway.com\/no\/wp-json\/wp\/v2\/users\/1"}],"replies":[{"embeddable":true,"href":"https:\/\/intonorway.com\/no\/wp-json\/wp\/v2\/comments?post=9"}],"version-history":[{"count":0,"href":"https:\/\/intonorway.com\/no\/wp-json\/wp\/v2\/pages\/9\/revisions"}],"wp:attachment":[{"href":"https:\/\/intonorway.com\/no\/wp-json\/wp\/v2\/media?parent=9"}],"curies":[{"name":"wp","href":"https:\/\/api.w.org\/{rel}","templated":true}]}}