{"id":81,"date":"2025-02-13T09:17:54","date_gmt":"2025-02-13T09:17:54","guid":{"rendered":"https:\/\/bransje.lillehammer.com\/intonorway\/?page_id=81"},"modified":"2025-08-26T14:21:47","modified_gmt":"2025-08-26T13:21:47","slug":"om-oss","status":"publish","type":"page","link":"https:\/\/intonorway.com\/no\/om-oss\/","title":{"rendered":"Om oss"},"content":{"rendered":"<p>[et_pb_section fb_built=&raquo;1&#8243; admin_label=&raquo;Hero Section&raquo; _builder_version=&raquo;4.16&#8243; _module_preset=&raquo;default&raquo; background_enable_color=&raquo;off&raquo; background_color_gradient_direction=&raquo;120deg&raquo; background_enable_image=&raquo;off&raquo; custom_margin=&raquo;||0px||false|false&raquo; custom_padding=&raquo;5%||0px||false|false&raquo; global_colors_info=&raquo;{}&raquo;][et_pb_row column_structure=&raquo;2_5,3_5&#8243; use_custom_gutter=&raquo;on&raquo; gutter_width=&raquo;2&#8243; _builder_version=&raquo;4.27.4&#8243; _module_preset=&raquo;3880ebb4-406e-4b1d-a0ea-8cbeff371640&#8243; width=&raquo;80%&raquo; width_tablet=&raquo;&raquo; width_phone=&raquo;&raquo; width_last_edited=&raquo;on|phone&raquo; max_width=&raquo;2560px&raquo; custom_padding=&raquo;||10vh||false|false&raquo; global_colors_info=&raquo;{}&raquo;][et_pb_column type=&raquo;2_5&#8243; _builder_version=&raquo;4.16&#8243; _module_preset=&raquo;default&raquo; global_colors_info=&raquo;{}&raquo;][et_pb_text _builder_version=&raquo;4.16&#8243; _module_preset=&raquo;9dbb0636-2aa1-4239-9bd3-4678ca9a487b&raquo; header_line_height=&raquo;1.3em&raquo; max_width=&raquo;100%&raquo; module_alignment=&raquo;left&raquo; custom_margin=&raquo;||10px||false|false&raquo; custom_padding=&raquo;0px||10px||false|false&raquo; global_colors_info=&raquo;{}&raquo;]<\/p>\n<h1>Om oss<\/h1>\n<div id=\"Content\">\n<div class=\"boxed\">\n<div id=\"lipsum\"><\/div>\n<\/div>\n<\/div>\n<p>[\/et_pb_text][et_pb_divider color=&raquo;#68227E&raquo; divider_weight=&raquo;5px&raquo; _builder_version=&raquo;4.27.4&#8243; _module_preset=&raquo;d3aaaee0-0a99-4451-94e6-7f8aaa66cdc9&#8243; max_width=&raquo;30%&raquo; module_alignment=&raquo;left&raquo; global_colors_info=&raquo;{}&raquo;][\/et_pb_divider][et_pb_text _builder_version=&raquo;4.27.4&#8243; _module_preset=&raquo;9dbb0636-2aa1-4239-9bd3-4678ca9a487b&raquo; text_font_size=&raquo;21px&raquo; text_line_height=&raquo;1.5em&raquo; module_alignment=&raquo;left&raquo; custom_padding=&raquo;||3vh||false|false&raquo; global_colors_info=&raquo;{}&raquo;]<\/p>\n<h2>Vi jobber for reiselivet<\/h2>\n<p>Reiseguiden til Hamar, Lillehammer og Gudbrandsdalen er en nettside som produseres og oppdateres av destinasjonsselskapet Rada Reiseliv, en sammensl\u00e5ing av Visit Mj\u00f8sa, Visit Lillehammer og Nasjonalparkriket. Vi jobber for reiselivsn\u00e6ringen i Hamar, regionen Lillehammer-regionen og Gudbrandsdalen. V\u00e5r jobb er helt enkelt \u00e5 gi deg inspirasjon og informasjon om mulighetene du har som bes\u00f8kende i regionen.<\/p>\n<p>Planlegger du en ferie i regionen anbefaler vi ogs\u00e5 et bes\u00f8k p\u00e5 <a href=\"https:\/\/www.visitmjosa.no\" target=\"_blank\" rel=\"noopener\">Visitmjosa.no<\/a>, <a href=\"https:\/\/www.lillehammer.com\/\">Lillehammer.com<\/a> og <a href=\"https:\/\/www.nasjonalparkriket.no\" target=\"_blank\" rel=\"noopener\">Nasjonalparkriket.no<\/a>. Her finner du mer informasjon om hvordan du kommer deg til oss, hvor du kan overnatting, hva du kan oppleve og ulike reisem\u00e5l i regionen.<\/p>\n<p>[\/et_pb_text][et_pb_text _builder_version=&raquo;4.27.4&#8243; _module_preset=&raquo;9dbb0636-2aa1-4239-9bd3-4678ca9a487b&raquo; text_font_size=&raquo;21px&raquo; text_line_height=&raquo;1.5em&raquo; module_alignment=&raquo;left&raquo; custom_padding=&raquo;0px||0px||true|false&raquo; global_colors_info=&raquo;{}&raquo;]<\/p>\n<h2>Kontakt oss<\/h2>\n<h3><strong>Hamar turistkontor<\/strong><br \/>Strandgata 45<br \/>2317 Hamar<\/h3>\n<p><a href=\"mailto:post@radareiseliv.no\">post@radareiseliv.no<\/a><\/p>\n<p>Tlf.: +47 612 89 800<\/p>\n<p>[\/et_pb_text][\/et_pb_column][et_pb_column type=&raquo;3_5&#8243; _builder_version=&raquo;4.16&#8243; _module_preset=&raquo;default&raquo; global_colors_info=&raquo;{}&raquo;][dipi_image_hotspot img_src=&raquo;https:\/\/intonorway.no\/wp-content\/uploads\/sites\/6\/2025\/08\/Rada_omradekart_nettside.jpg&raquo; _builder_version=&raquo;4.27.4&#8243; _module_preset=&raquo;default&raquo; background_enable_color=&raquo;off&raquo; hover_enabled=&raquo;0&#8243; global_colors_info=&raquo;{}&raquo; sticky_enabled=&raquo;0&#8243;][dipi_image_hotspot_child title=&raquo;Nasjonalparkriket&raquo; use_hotspot_icon=&raquo;on&raquo; hotspot_icon=&raquo;&#x5c;||divi||400&#8243; hotspot_icon_color=&raquo;#EBC500&#8243; use_hotspot_icon_font_size=&raquo;on&raquo; hotspot_icon_size=&raquo;60px&raquo; hotspot_ripple_effect=&raquo;on&raquo; hotspot_ripple_effect_style=&raquo;style-2&#8243; hotspot_ripple_effect_color=&raquo;#EBC500&#8243; hotspot_ripple_effect_speed=&raquo;3&#8243; hotspot_position_vertical=&raquo;13.5%&raquo; hotspot_position_horizontal=&raquo;24.3%&raquo; tooltip_img_src=&raquo;https:\/\/intonorway.no\/wp-content\/uploads\/sites\/6\/2025\/06\/DSC9428.web_.jpg&raquo; tooltip_img_alt=&raquo;Nasjonalparkriket&raquo; tooltip_image_width=&raquo;300px&raquo; tooltip_bg=&raquo;#68227D&raquo; tooltip_title=&raquo;Nasjonalparkriket&raquo; tooltip_desc=&raquo;<\/p>\n<p>Opplev Gudbrandsdalen, nasjonalparkenes rike.<\/p>\n<p>&raquo; show_tooltip_button=&raquo;on&raquo; tooltip_button_text=&raquo;Nasjonalparkriket.no&raquo; tooltip_button_link=&raquo;https:\/\/www.nasjonalparkriket.no\/&raquo; tooltip_button_link_target=&raquo;on&raquo; tooltip_position=&raquo;bottom&raquo; use_tooltip_arrow=&raquo;on&raquo; arrow_color=&raquo;#68227D&raquo; tooltip_padding=&raquo;20px|20px|20px|20px|true|true&raquo; _builder_version=&raquo;4.27.4&#8243; _module_preset=&raquo;default&raquo; tooltip_title_text_color=&raquo;#ffffff&raquo; tooltip_desc_text_color=&raquo;#ffffff&raquo; background_color=&raquo;RGBA(255,255,255,0)&raquo; background_enable_color=&raquo;on&raquo; custom_tooltip_button=&raquo;on&raquo; tooltip_button_text_size=&raquo;18px&raquo; tooltip_button_text_color=&raquo;#ffffff&raquo; tooltip_button_bg_color=&raquo;RGBA(255,255,255,0)&raquo; tooltip_button_font=&raquo;||||on||||&raquo; tooltip_button_use_icon=&raquo;off&raquo; tooltip_button_custom_margin=&raquo;|0px||0px|false|true&raquo; tooltip_button_custom_padding=&raquo;|0px||0px|false|true&raquo; custom_padding=&raquo;||||true|true&raquo; hover_enabled=&raquo;0&#8243; border_radii_tooltip_box=&raquo;on|5px|5px|5px|5px&raquo; global_colors_info=&raquo;{}&raquo; hotspot_icon_size_last_edited=&raquo;on|phone&raquo; sticky_enabled=&raquo;0&#8243; hotspot_icon_size_tablet=&raquo;30px&raquo; hotspot_icon_size_phone=&raquo;20px&raquo; hotspot_position_vertical_last_edited=&raquo;on|phone&raquo; hotspot_position_vertical_phone=&raquo;11%&raquo; hotspot_position_vertical_tablet=&raquo;13.5%&raquo;][\/dipi_image_hotspot_child][dipi_image_hotspot_child title=&raquo;Visit Lillehammer&raquo; use_hotspot_icon=&raquo;on&raquo; hotspot_icon=&raquo;&#x5c;||divi||400&#8243; hotspot_icon_color=&raquo;#EBC500&#8243; use_hotspot_icon_font_size=&raquo;on&raquo; hotspot_icon_size=&raquo;60px&raquo; hotspot_ripple_effect=&raquo;on&raquo; hotspot_ripple_effect_style=&raquo;style-2&#8243; hotspot_ripple_effect_color=&raquo;#EBC500&#8243; hotspot_ripple_effect_speed=&raquo;3&#8243; hotspot_position_vertical=&raquo;46.1%&raquo; hotspot_position_horizontal=&raquo;61.6%&raquo; tooltip_img_src=&raquo;https:\/\/intonorway.no\/wp-content\/uploads\/sites\/6\/2025\/06\/46kf2flqht.jpg&raquo; tooltip_img_alt=&raquo;Lillehammer.com&raquo; tooltip_image_width=&raquo;300px&raquo; tooltip_bg=&raquo;#68227D&raquo; tooltip_title=&raquo;Visit Lillehammer&raquo; tooltip_desc=&raquo;<\/p>\n<p>Opplev Lillehammer og Gudbrandsdalen<\/p>\n<p>&raquo; show_tooltip_button=&raquo;on&raquo; tooltip_button_text=&raquo;Lillehammer.com&raquo; tooltip_button_link=&raquo;https:\/\/www.lillehammer.com\/&raquo; tooltip_button_link_target=&raquo;on&raquo; use_tooltip_arrow=&raquo;on&raquo; arrow_color=&raquo;#68227D&raquo; tooltip_padding=&raquo;20px|20px|20px|20px|true|true&raquo; _builder_version=&raquo;4.27.4&#8243; _module_preset=&raquo;default&raquo; tooltip_title_text_color=&raquo;#ffffff&raquo; tooltip_desc_text_color=&raquo;#ffffff&raquo; background_color=&raquo;RGBA(255,255,255,0)&raquo; background_enable_color=&raquo;on&raquo; custom_tooltip_button=&raquo;on&raquo; tooltip_button_text_size=&raquo;18px&raquo; tooltip_button_text_color=&raquo;#ffffff&raquo; tooltip_button_bg_color=&raquo;RGBA(255,255,255,0)&raquo; tooltip_button_font=&raquo;||||on||||&raquo; tooltip_button_use_icon=&raquo;off&raquo; tooltip_button_custom_margin=&raquo;|0px||0px|false|true&raquo; tooltip_button_custom_padding=&raquo;|0px||0px|false|true&raquo; custom_padding=&raquo;||||true|true&raquo; hover_enabled=&raquo;0&#8243; border_radii_tooltip_box=&raquo;on|5px|5px|5px|5px&raquo; global_colors_info=&raquo;{}&raquo; sticky_enabled=&raquo;0&#8243; hotspot_icon_size_last_edited=&raquo;on|phone&raquo; hotspot_icon_size_tablet=&raquo;30px&raquo; hotspot_icon_size_phone=&raquo;20px&raquo; hotspot_position_vertical_last_edited=&raquo;on|phone&raquo; hotspot_position_vertical_phone=&raquo;44%&raquo; hotspot_position_vertical_tablet=&raquo;46.1%&raquo;][\/dipi_image_hotspot_child][dipi_image_hotspot_child title=&raquo;Visit Mj\u00f8sa&raquo; use_hotspot_icon=&raquo;on&raquo; hotspot_icon=&raquo;&#x5c;||divi||400&#8243; hotspot_icon_color=&raquo;#EBC500&#8243; use_hotspot_icon_font_size=&raquo;on&raquo; hotspot_icon_size=&raquo;60px&raquo; hotspot_ripple_effect=&raquo;on&raquo; hotspot_ripple_effect_style=&raquo;style-2&#8243; hotspot_ripple_effect_color=&raquo;#EBC500&#8243; hotspot_ripple_effect_speed=&raquo;3&#8243; hotspot_position_vertical=&raquo;79%&raquo; hotspot_position_horizontal=&raquo;88.8%&raquo; tooltip_img_src=&raquo;https:\/\/intonorway.no\/wp-content\/uploads\/sites\/6\/2025\/06\/webdomkirkeodden-scaled-e1750318492951.jpg&raquo; tooltip_img_alt=&raquo;Visit Mj\u00f8sa&raquo; tooltip_image_width=&raquo;300px&raquo; tooltip_bg=&raquo;#68227D&raquo; tooltip_title=&raquo;Visit Mj\u00f8sa&raquo; tooltip_desc=&raquo;<\/p>\n<p>Opplevelser i Hamar-regionen<\/p>\n<p>&raquo; show_tooltip_button=&raquo;on&raquo; tooltip_button_text=&raquo;VisitMj\u00f8sa.no&raquo; tooltip_button_link=&raquo;https:\/\/visitmjosa.no&raquo; tooltip_button_link_target=&raquo;on&raquo; tooltip_position=&raquo;top&raquo; use_tooltip_arrow=&raquo;on&raquo; arrow_color=&raquo;#68227D&raquo; tooltip_padding=&raquo;20px|20px|20px|20px|true|true&raquo; _builder_version=&raquo;4.27.4&#8243; _module_preset=&raquo;default&raquo; tooltip_title_text_color=&raquo;#ffffff&raquo; tooltip_desc_text_color=&raquo;#ffffff&raquo; background_color=&raquo;RGBA(255,255,255,0)&raquo; background_enable_color=&raquo;on&raquo; custom_tooltip_button=&raquo;on&raquo; tooltip_button_text_size=&raquo;18px&raquo; tooltip_button_text_color=&raquo;#ffffff&raquo; tooltip_button_bg_color=&raquo;RGBA(255,255,255,0)&raquo; tooltip_button_font=&raquo;||||on||||&raquo; tooltip_button_use_icon=&raquo;off&raquo; tooltip_button_custom_margin=&raquo;|0px||0px|false|true&raquo; tooltip_button_custom_padding=&raquo;|0px||0px|false|true&raquo; custom_padding=&raquo;||||true|true&raquo; hover_enabled=&raquo;0&#8243; border_radii_tooltip_box=&raquo;on|5px|5px|5px|5px&raquo; global_colors_info=&raquo;{}&raquo; hotspot_icon_size_last_edited=&raquo;on|phone&raquo; sticky_enabled=&raquo;0&#8243; hotspot_icon_size_tablet=&raquo;30px&raquo; hotspot_icon_size_phone=&raquo;20px&raquo; hotspot_position_vertical_last_edited=&raquo;on|phone&raquo; hotspot_position_vertical_phone=&raquo;77.6%&raquo; hotspot_position_horizontal_last_edited=&raquo;on|phone&raquo; hotspot_position_horizontal_phone=&raquo;86%&raquo; hotspot_position_vertical_tablet=&raquo;79%&raquo; hotspot_position_horizontal_tablet=&raquo;88.8%&raquo;][\/dipi_image_hotspot_child][\/dipi_image_hotspot][\/et_pb_column][\/et_pb_row][et_pb_row column_structure=&raquo;1_3,1_3,1_3&#8243; use_custom_gutter=&raquo;on&raquo; gutter_width=&raquo;1&#8243; make_equal=&raquo;on&raquo; _builder_version=&raquo;4.27.4&#8243; _module_preset=&raquo;3880ebb4-406e-4b1d-a0ea-8cbeff371640&#8243; width_tablet=&raquo;100%&raquo; max_width=&raquo;2560px&raquo; custom_margin=&raquo;0px||0px||false|false&raquo; custom_padding=&raquo;0px||0px||false|false&raquo; global_colors_info=&raquo;{}&raquo;][et_pb_column type=&raquo;1_3&#8243; _builder_version=&raquo;4.27.4&#8243; _module_preset=&raquo;default&raquo; background_color=&raquo;#68227E&raquo; global_colors_info=&raquo;{}&raquo; background__hover_enabled=&raquo;on|hover&raquo; background_color__hover=&raquo;#cbc4ad&raquo; background_enable_color__hover=&raquo;on&raquo;][et_pb_blurb title=&raquo;VisitMj\u00f8sa.no&raquo; url=&raquo;https:\/\/www.visitmjosa.no&raquo; url_new_window=&raquo;on&raquo; use_icon=&raquo;on&raquo; font_icon=&raquo;&#x3f;||divi||400&#8243; icon_color=&raquo;#ffffff&raquo; _builder_version=&raquo;4.27.4&#8243; _module_preset=&raquo;d774b07c-2657-4ef2-830a-61457179ce59&#8243; header_text_color=&raquo;#ffffff&raquo; body_text_align=&raquo;center&raquo; global_colors_info=&raquo;{}&raquo;][\/et_pb_blurb][\/et_pb_column][et_pb_column type=&raquo;1_3&#8243; _builder_version=&raquo;4.27.4&#8243; _module_preset=&raquo;default&raquo; background_color=&raquo;#433324&#8243; global_colors_info=&raquo;{}&raquo; background__hover_enabled=&raquo;on|hover&raquo; background_color__hover=&raquo;RGBA(51,65,37,0.64)&raquo; background_enable_color__hover=&raquo;on&raquo;][et_pb_blurb title=&raquo;Lillehammer.com&raquo; url=&raquo;https:\/\/www.lillehammer.com&raquo; url_new_window=&raquo;on&raquo; use_icon=&raquo;on&raquo; font_icon=&raquo;&#x3f;||divi||400&#8243; icon_color=&raquo;#F9F8F7&#8243; _builder_version=&raquo;4.27.4&#8243; _module_preset=&raquo;d774b07c-2657-4ef2-830a-61457179ce59&#8243; header_text_color=&raquo;#F9F8F7&#8243; body_text_align=&raquo;center&raquo; body_text_color=&raquo;#F9F8F7&#8243; global_colors_info=&raquo;{}&raquo;][\/et_pb_blurb][\/et_pb_column][et_pb_column type=&raquo;1_3&#8243; _builder_version=&raquo;4.27.4&#8243; _module_preset=&raquo;default&raquo; background_color=&raquo;#E2D7B1&#8243; global_colors_info=&raquo;{}&raquo; background__hover_enabled=&raquo;on|hover&raquo; background_color__hover=&raquo;#cbc4ad&raquo; background_enable_color__hover=&raquo;on&raquo;][et_pb_blurb title=&raquo;Nasjonalparkriket.no&raquo; url=&raquo;https:\/\/www.nasjonalparkriket.no&raquo; use_icon=&raquo;on&raquo; font_icon=&raquo;&#x3f;||divi||400&#8243; _builder_version=&raquo;4.27.4&#8243; _module_preset=&raquo;d774b07c-2657-4ef2-830a-61457179ce59&#8243; body_text_align=&raquo;center&raquo; global_colors_info=&raquo;{}&raquo;][\/et_pb_blurb][\/et_pb_column][\/et_pb_row][\/et_pb_section][et_pb_section fb_built=&raquo;1&#8243; fullwidth=&raquo;on&raquo; _builder_version=&raquo;4.16&#8243; _module_preset=&raquo;default&raquo; global_colors_info=&raquo;{}&raquo;][et_pb_fullwidth_slider _builder_version=&raquo;4.27.4&#8243; _module_preset=&raquo;default&raquo; custom_padding=&raquo;200px||200px||true|false&raquo; global_colors_info=&raquo;{}&raquo;][et_pb_slide _builder_version=&raquo;4.27.4&#8243; _module_preset=&raquo;default&raquo; background_enable_color=&raquo;off&raquo; use_background_color_gradient=&raquo;on&raquo; background_color_gradient_type=&raquo;circular&raquo; background_color_gradient_stops=&raquo;#abdef4 0%|rgba(0,0,0,0) 100%&raquo; background_color_gradient_start=&raquo;#abdef4&#8243; background_color_gradient_end=&raquo;rgba(0,0,0,0)&raquo; background_image=&raquo;https:\/\/intonorway.no\/wp-content\/uploads\/sites\/6\/2025\/06\/46kf2flqht.jpg&raquo; background_enable_image=&raquo;on&raquo; background_blend=&raquo;multiply&raquo; global_colors_info=&raquo;{}&raquo; sticky_transition=&raquo;on&raquo;][\/et_pb_slide][\/et_pb_fullwidth_slider][\/et_pb_section]<\/p>\n","protected":false},"excerpt":{"rendered":"<p>Om oss Vi jobber for reiselivet Reiseguiden til Hamar, Lillehammer og Gudbrandsdalen er en nettside som produseres og oppdateres av destinasjonsselskapet Rada Reiseliv, en sammensl\u00e5ing av Visit Mj\u00f8sa, Visit Lillehammer og Nasjonalparkriket. Vi jobber for reiselivsn\u00e6ringen i Hamar, regionen Lillehammer-regionen og Gudbrandsdalen. V\u00e5r jobb er helt enkelt \u00e5 gi deg inspirasjon og informasjon om mulighetene [&hellip;]<\/p>\n","protected":false},"author":25,"featured_media":0,"parent":0,"menu_order":3,"comment_status":"closed","ping_status":"closed","template":"","meta":{"_et_pb_use_builder":"on","_et_pb_old_content":"","_et_gb_content_width":"","inline_featured_image":false,"footnotes":""},"class_list":["post-81","page","type-page","status-publish","hentry"],"yoast_head":"<!-- This site is optimized with the Yoast SEO plugin v27.4 - https:\/\/yoast.com\/product\/yoast-seo-wordpress\/ -->\n<title>Om oss - Into Norway - home of culture<\/title>\n<meta name=\"robots\" content=\"index, follow, max-snippet:-1, max-image-preview:large, max-video-preview:-1\" \/>\n<link rel=\"canonical\" href=\"https:\/\/intonorway.com\/no\/om-oss\/\" \/>\n<meta property=\"og:locale\" content=\"nb_NO\" \/>\n<meta property=\"og:type\" content=\"article\" \/>\n<meta property=\"og:title\" content=\"Om oss - Into Norway - home of culture\" \/>\n<meta property=\"og:description\" content=\"Om oss Vi jobber for reiselivet Reiseguiden til Hamar, Lillehammer og Gudbrandsdalen er en nettside som produseres og oppdateres av destinasjonsselskapet Rada Reiseliv, en sammensl\u00e5ing av Visit Mj\u00f8sa, Visit Lillehammer og Nasjonalparkriket. Vi jobber for reiselivsn\u00e6ringen i Hamar, regionen Lillehammer-regionen og Gudbrandsdalen. V\u00e5r jobb er helt enkelt \u00e5 gi deg inspirasjon og informasjon om mulighetene [&hellip;]\" \/>\n<meta property=\"og:url\" content=\"https:\/\/intonorway.com\/no\/om-oss\/\" \/>\n<meta property=\"og:site_name\" content=\"Into Norway - home of culture\" \/>\n<meta property=\"article:modified_time\" content=\"2025-08-26T13:21:47+00:00\" \/>\n<meta name=\"twitter:card\" content=\"summary_large_image\" \/>\n<script type=\"application\/ld+json\" class=\"yoast-schema-graph\">{\"@context\":\"https:\\\/\\\/schema.org\",\"@graph\":[{\"@type\":\"WebPage\",\"@id\":\"https:\\\/\\\/intonorway.com\\\/no\\\/om-oss\\\/\",\"url\":\"https:\\\/\\\/intonorway.com\\\/no\\\/om-oss\\\/\",\"name\":\"Om oss - Into Norway - home of culture\",\"isPartOf\":{\"@id\":\"https:\\\/\\\/intonorway.com\\\/no\\\/#website\"},\"datePublished\":\"2025-02-13T09:17:54+00:00\",\"dateModified\":\"2025-08-26T13:21:47+00:00\",\"breadcrumb\":{\"@id\":\"https:\\\/\\\/intonorway.com\\\/no\\\/om-oss\\\/#breadcrumb\"},\"inLanguage\":\"nb-NO\",\"potentialAction\":[{\"@type\":\"ReadAction\",\"target\":[\"https:\\\/\\\/intonorway.com\\\/no\\\/om-oss\\\/\"]}]},{\"@type\":\"BreadcrumbList\",\"@id\":\"https:\\\/\\\/intonorway.com\\\/no\\\/om-oss\\\/#breadcrumb\",\"itemListElement\":[{\"@type\":\"ListItem\",\"position\":1,\"name\":\"Home\",\"item\":\"https:\\\/\\\/intonorway.com\\\/no\\\/\"},{\"@type\":\"ListItem\",\"position\":2,\"name\":\"Om oss\"}]},{\"@type\":\"WebSite\",\"@id\":\"https:\\\/\\\/intonorway.com\\\/no\\\/#website\",\"url\":\"https:\\\/\\\/intonorway.com\\\/no\\\/\",\"name\":\"Into Norway - home of culture\",\"description\":\"\",\"potentialAction\":[{\"@type\":\"SearchAction\",\"target\":{\"@type\":\"EntryPoint\",\"urlTemplate\":\"https:\\\/\\\/intonorway.com\\\/no\\\/?s={search_term_string}\"},\"query-input\":{\"@type\":\"PropertyValueSpecification\",\"valueRequired\":true,\"valueName\":\"search_term_string\"}}],\"inLanguage\":\"nb-NO\"}]}<\/script>\n<!-- \/ Yoast SEO plugin. -->","yoast_head_json":{"title":"Om oss - Into Norway - home of culture","robots":{"index":"index","follow":"follow","max-snippet":"max-snippet:-1","max-image-preview":"max-image-preview:large","max-video-preview":"max-video-preview:-1"},"canonical":"https:\/\/intonorway.com\/no\/om-oss\/","og_locale":"nb_NO","og_type":"article","og_title":"Om oss - Into Norway - home of culture","og_description":"Om oss Vi jobber for reiselivet Reiseguiden til Hamar, Lillehammer og Gudbrandsdalen er en nettside som produseres og oppdateres av destinasjonsselskapet Rada Reiseliv, en sammensl\u00e5ing av Visit Mj\u00f8sa, Visit Lillehammer og Nasjonalparkriket. Vi jobber for reiselivsn\u00e6ringen i Hamar, regionen Lillehammer-regionen og Gudbrandsdalen. V\u00e5r jobb er helt enkelt \u00e5 gi deg inspirasjon og informasjon om mulighetene [&hellip;]","og_url":"https:\/\/intonorway.com\/no\/om-oss\/","og_site_name":"Into Norway - home of culture","article_modified_time":"2025-08-26T13:21:47+00:00","twitter_card":"summary_large_image","schema":{"@context":"https:\/\/schema.org","@graph":[{"@type":"WebPage","@id":"https:\/\/intonorway.com\/no\/om-oss\/","url":"https:\/\/intonorway.com\/no\/om-oss\/","name":"Om oss - Into Norway - home of culture","isPartOf":{"@id":"https:\/\/intonorway.com\/no\/#website"},"datePublished":"2025-02-13T09:17:54+00:00","dateModified":"2025-08-26T13:21:47+00:00","breadcrumb":{"@id":"https:\/\/intonorway.com\/no\/om-oss\/#breadcrumb"},"inLanguage":"nb-NO","potentialAction":[{"@type":"ReadAction","target":["https:\/\/intonorway.com\/no\/om-oss\/"]}]},{"@type":"BreadcrumbList","@id":"https:\/\/intonorway.com\/no\/om-oss\/#breadcrumb","itemListElement":[{"@type":"ListItem","position":1,"name":"Home","item":"https:\/\/intonorway.com\/no\/"},{"@type":"ListItem","position":2,"name":"Om oss"}]},{"@type":"WebSite","@id":"https:\/\/intonorway.com\/no\/#website","url":"https:\/\/intonorway.com\/no\/","name":"Into Norway - home of culture","description":"","potentialAction":[{"@type":"SearchAction","target":{"@type":"EntryPoint","urlTemplate":"https:\/\/intonorway.com\/no\/?s={search_term_string}"},"query-input":{"@type":"PropertyValueSpecification","valueRequired":true,"valueName":"search_term_string"}}],"inLanguage":"nb-NO"}]}},"_links":{"self":[{"href":"https:\/\/intonorway.com\/no\/wp-json\/wp\/v2\/pages\/81","targetHints":{"allow":["GET"]}}],"collection":[{"href":"https:\/\/intonorway.com\/no\/wp-json\/wp\/v2\/pages"}],"about":[{"href":"https:\/\/intonorway.com\/no\/wp-json\/wp\/v2\/types\/page"}],"author":[{"embeddable":true,"href":"https:\/\/intonorway.com\/no\/wp-json\/wp\/v2\/users\/25"}],"replies":[{"embeddable":true,"href":"https:\/\/intonorway.com\/no\/wp-json\/wp\/v2\/comments?post=81"}],"version-history":[{"count":0,"href":"https:\/\/intonorway.com\/no\/wp-json\/wp\/v2\/pages\/81\/revisions"}],"wp:attachment":[{"href":"https:\/\/intonorway.com\/no\/wp-json\/wp\/v2\/media?parent=81"}],"curies":[{"name":"wp","href":"https:\/\/api.w.org\/{rel}","templated":true}]}}